{"id":520,"date":"2023-03-20T10:10:48","date_gmt":"2023-03-20T13:10:48","guid":{"rendered":"https:\/\/www.caramelosfiestas.cl\/?page_id=520"},"modified":"2024-10-09T15:01:46","modified_gmt":"2024-10-09T18:01:46","slug":"animacion-fiestas","status":"publish","type":"page","link":"https:\/\/www.caramelosfiestas.cl\/index.php\/animacion-fiestas\/","title":{"rendered":"Animaci\u00f3n"},"content":{"rendered":"<p>[et_pb_section fb_built=\u00bb1&#8243; admin_label=\u00bbSection\u00bb module_id=\u00bbanimacion\u00bb _builder_version=\u00bb4.20.2&#8243; _module_preset=\u00bbdefault\u00bb background_color=\u00bb#864ace\u00bb background_image=\u00bbhttps:\/\/www.caramelosfiestas.cl\/wp-content\/uploads\/2023\/03\/fondo_cumplenos.jpg\u00bb parallax=\u00bbon\u00bb parallax_method=\u00bboff\u00bb custom_padding=\u00bb4px||3px|||\u00bb da_popup_slug=\u00bbanimacion\u00bb da_dark_close=\u00bbon\u00bb da_alt_close=\u00bbon\u00bb da_disable_devices=\u00bboff|off|off\u00bb locked=\u00bboff\u00bb global_colors_info=\u00bb{}\u00bb da_is_popup=\u00bboff\u00bb da_exit_intent=\u00bboff\u00bb da_has_close=\u00bbon\u00bb da_not_modal=\u00bbon\u00bb da_is_singular=\u00bboff\u00bb da_with_loader=\u00bboff\u00bb da_has_shadow=\u00bbon\u00bb][et_pb_row column_structure=\u00bb1_4,1_2,1_4&#8243; _builder_version=\u00bb4.20.2&#8243; _module_preset=\u00bbdefault\u00bb width=\u00bb100%\u00bb max_width=\u00bb1269px\u00bb custom_padding=\u00bb18px||8px|||\u00bb global_colors_info=\u00bb{}\u00bb][et_pb_column type=\u00bb1_4&#8243; _builder_version=\u00bb4.20.2&#8243; _module_preset=\u00bbdefault\u00bb global_colors_info=\u00bb{}\u00bb][et_pb_image src=\u00bbhttps:\/\/www.caramelosfiestas.cl\/wp-content\/uploads\/2023\/03\/personajes.png\u00bb title_text=\u00bbpersonajes\u00bb _builder_version=\u00bb4.20.2&#8243; _module_preset=\u00bbdefault\u00bb transform_scale=\u00bb158%|158%\u00bb transform_scale_tablet=\u00bb158%|158%\u00bb transform_scale_phone=\u00bb98%|98%\u00bb transform_scale_last_edited=\u00bbon|phone\u00bb transform_translate_tablet=\u00bb\u00bb transform_translate_phone=\u00bb\u00bb transform_translate_last_edited=\u00bbon|phone\u00bb transform_rotate_tablet=\u00bb\u00bb transform_rotate_phone=\u00bb\u00bb transform_rotate_last_edited=\u00bbon|phone\u00bb transform_skew_tablet=\u00bb\u00bb transform_skew_phone=\u00bb\u00bb transform_skew_last_edited=\u00bbon|phone\u00bb transform_origin_tablet=\u00bb\u00bb transform_origin_phone=\u00bb\u00bb transform_origin_last_edited=\u00bbon|phone\u00bb transform_styles_last_edited=\u00bbon|phone\u00bb custom_margin_tablet=\u00bb\u00bb custom_margin_phone=\u00bb-212px||||false|false\u00bb custom_margin_last_edited=\u00bbon|phone\u00bb custom_padding=\u00bb35px||||false|false\u00bb custom_padding_tablet=\u00bb35px||||false|false\u00bb custom_padding_phone=\u00bb0px||||false|false\u00bb custom_padding_last_edited=\u00bbon|desktop\u00bb animation_style=\u00bbslide\u00bb animation_direction=\u00bbleft\u00bb transform_styles_tablet=\u00bb\u00bb transform_styles_phone=\u00bb\u00bb global_colors_info=\u00bb{}\u00bb][\/et_pb_image][\/et_pb_column][et_pb_column type=\u00bb1_2&#8243; _builder_version=\u00bb4.20.2&#8243; _module_preset=\u00bbdefault\u00bb global_colors_info=\u00bb{}\u00bb][et_pb_text _builder_version=\u00bb4.20.2&#8243; _module_preset=\u00bbdefault\u00bb text_text_color=\u00bb#FFFFFF\u00bb text_font_size=\u00bb18px\u00bb link_text_color=\u00bb#FFFFFF\u00bb header_4_font=\u00bbBlueray||||||||\u00bb header_4_text_align=\u00bbcenter\u00bb header_4_text_color=\u00bb#FFFFFF\u00bb header_4_font_size=\u00bb33px\u00bb link_text_color_last_edited=\u00bboff|desktop\u00bb global_colors_info=\u00bb{}\u00bb link_text_color__hover_enabled=\u00bbon|desktop\u00bb link_text_color__hover=\u00bb#000000&#8243;]<\/p>\n<h4><span>Animaci\u00f3n<\/span><\/h4>\n<p><span>Nos gusta divertirnos, recrear, jugar y re\u00edrnos. Para eso tenemos preparados animadores y personajes que har\u00e1n de tu fiesta un d\u00eda imborrable.<\/span><span><\/span><span><\/span><\/p>\n<p style=\"text-align: center;\"><a href=\"https:\/\/www.caramelosfiestas.cl\/index.php\/contacto\/\"><strong><span style=\"background-color: #d6c744; font-size: 20px; border-radius: 20px; padding: 9px; display: inline-block;\">Show Animaci\u00f3n Cumplea\u00f1os<br \/>2 Horas \u2022 $85.000<\/span><\/strong><\/a><strong><\/strong><\/p>\n<p><strong>OPCIONES ADICIONALES:<\/strong><\/p>\n<p><strong><span style=\"color: #d6c744; font-size: 25px;\">&gt; <\/span><\/strong> <span>Show de t\u00edteres<\/span><\/p>\n<p><strong><span style=\"color: #d6c744; font-size: 25px;\">&gt; <\/span><\/strong> <span>Hora extra<\/span><\/p>\n<p><strong><span style=\"color: #d6c744; font-size: 25px;\">&gt; <\/span><\/strong> <span>Corporeos y\/o Personajes de series, pel\u00edculas y caricaturas<\/span><\/p>\n<p><strong><span style=\"color: #d6c744; font-size: 25px;\">&gt; <\/span><\/strong> <span>M\u00e1quina de burbujas<\/span><\/p>\n<p><strong><span style=\"color: #d6c744; font-size: 25px;\">&gt; <\/span><\/strong> <span>Amplificaci\u00f3n<\/span><\/p>\n<p><span><strong>\u00bfBUSCAS M\u00c1S?<\/strong> Magos, payasos, malabaristas, carros de comida, Juegos inflables, talleres tem\u00e1ticos, piscina de pelotas, plazas blandas y m\u00e1s.\u00a0 <\/span><\/p>\n<p><span>\u00a1Pide el cat\u00e1logo y arma una s\u00faper fiesta!<\/span><\/p>\n<p>[\/et_pb_text][et_pb_button button_url=\u00bbhttps:\/\/api.whatsapp.com\/send?phone=56944561890&#8243; button_text=\u00bbpide tu cat\u00e1logo\u00bb button_alignment=\u00bbcenter\u00bb button_alignment_tablet=\u00bbcenter\u00bb button_alignment_phone=\u00bbcenter\u00bb button_alignment_last_edited=\u00bbon|phone\u00bb _builder_version=\u00bb4.20.2&#8243; _module_preset=\u00bbdefault\u00bb custom_button=\u00bbon\u00bb button_text_size=\u00bb25px\u00bb button_text_color=\u00bb#864ace\u00bb button_bg_color=\u00bb#80ffff\u00bb button_border_width=\u00bb0px\u00bb button_border_radius=\u00bb38px\u00bb button_font=\u00bb|700||on|||||\u00bb custom_margin=\u00bb24px|||||\u00bb custom_padding=\u00bb2px|||||\u00bb locked=\u00bboff\u00bb global_colors_info=\u00bb{}\u00bb][\/et_pb_button][\/et_pb_column][et_pb_column type=\u00bb1_4&#8243; _builder_version=\u00bb4.20.2&#8243; _module_preset=\u00bbdefault\u00bb global_colors_info=\u00bb{}\u00bb][et_pb_image src=\u00bbhttps:\/\/www.caramelosfiestas.cl\/wp-content\/uploads\/2023\/03\/1.png\u00bb title_text=\u00bb1&#8243; _builder_version=\u00bb4.20.2&#8243; _module_preset=\u00bbdefault\u00bb transform_rotate=\u00bb0deg|0deg|336deg\u00bb width=\u00bb90%\u00bb width_tablet=\u00bb90%\u00bb width_phone=\u00bb79%\u00bb width_last_edited=\u00bbon|phone\u00bb custom_margin=\u00bb||-2px|||\u00bb animation_style=\u00bbfade\u00bb module_alignment_tablet=\u00bb\u00bb module_alignment_phone=\u00bbcenter\u00bb module_alignment_last_edited=\u00bbon|phone\u00bb global_colors_info=\u00bb{}\u00bb][\/et_pb_image][et_pb_image src=\u00bbhttps:\/\/www.caramelosfiestas.cl\/wp-content\/uploads\/2023\/03\/2.png\u00bb title_text=\u00bb2&#8243; _builder_version=\u00bb4.20.2&#8243; _module_preset=\u00bbdefault\u00bb transform_rotate=\u00bb0deg|0deg|13deg\u00bb width=\u00bb90%\u00bb width_tablet=\u00bb90%\u00bb width_phone=\u00bb78%\u00bb width_last_edited=\u00bbon|phone\u00bb custom_margin=\u00bb-33px||-6px|||\u00bb animation_style=\u00bbfade\u00bb animation_duration=\u00bb2000ms\u00bb module_alignment_tablet=\u00bb\u00bb module_alignment_phone=\u00bbcenter\u00bb module_alignment_last_edited=\u00bbon|phone\u00bb global_colors_info=\u00bb{}\u00bb][\/et_pb_image][et_pb_image src=\u00bbhttps:\/\/www.caramelosfiestas.cl\/wp-content\/uploads\/2023\/03\/3.png\u00bb title_text=\u00bb3&#8243; _builder_version=\u00bb4.20.2&#8243; _module_preset=\u00bbdefault\u00bb transform_rotate=\u00bb0deg|0deg|345deg\u00bb width=\u00bb90%\u00bb width_tablet=\u00bb90%\u00bb width_phone=\u00bb78%\u00bb width_last_edited=\u00bbon|phone\u00bb custom_margin=\u00bb-35px|||||\u00bb animation_style=\u00bbfade\u00bb animation_duration=\u00bb3000ms\u00bb module_alignment_tablet=\u00bb\u00bb module_alignment_phone=\u00bbcenter\u00bb module_alignment_last_edited=\u00bbon|phone\u00bb global_colors_info=\u00bb{}\u00bb][\/et_pb_image][\/et_pb_column][\/et_pb_row][\/et_pb_section]<\/p>\n","protected":false},"excerpt":{"rendered":"<p>Animaci\u00f3n Nos gusta divertirnos, recrear, jugar y re\u00edrnos. Para eso tenemos preparados animadores y personajes que har\u00e1n de tu fiesta un d\u00eda imborrable. Show Animaci\u00f3n Cumplea\u00f1os2 Horas \u2022 $85.000 OPCIONES ADICIONALES: &gt; Show de t\u00edteres &gt; Hora extra &gt; Corporeos y\/o Personajes de series, pel\u00edculas y caricaturas &gt; M\u00e1quina de burbujas &gt; Amplificaci\u00f3n \u00bfBUSCAS M\u00c1S? [&hellip;]<\/p>\n","protected":false},"author":1,"featured_media":0,"parent":0,"menu_order":0,"comment_status":"closed","ping_status":"closed","template":"","meta":{"_et_pb_use_builder":"on","_et_pb_old_content":"","_et_gb_content_width":"","footnotes":""},"class_list":["post-520","page","type-page","status-publish","hentry"],"_links":{"self":[{"href":"https:\/\/www.caramelosfiestas.cl\/index.php\/wp-json\/wp\/v2\/pages\/520","targetHints":{"allow":["GET"]}}],"collection":[{"href":"https:\/\/www.caramelosfiestas.cl\/index.php\/wp-json\/wp\/v2\/pages"}],"about":[{"href":"https:\/\/www.caramelosfiestas.cl\/index.php\/wp-json\/wp\/v2\/types\/page"}],"author":[{"embeddable":true,"href":"https:\/\/www.caramelosfiestas.cl\/index.php\/wp-json\/wp\/v2\/users\/1"}],"replies":[{"embeddable":true,"href":"https:\/\/www.caramelosfiestas.cl\/index.php\/wp-json\/wp\/v2\/comments?post=520"}],"version-history":[{"count":36,"href":"https:\/\/www.caramelosfiestas.cl\/index.php\/wp-json\/wp\/v2\/pages\/520\/revisions"}],"predecessor-version":[{"id":805,"href":"https:\/\/www.caramelosfiestas.cl\/index.php\/wp-json\/wp\/v2\/pages\/520\/revisions\/805"}],"wp:attachment":[{"href":"https:\/\/www.caramelosfiestas.cl\/index.php\/wp-json\/wp\/v2\/media?parent=520"}],"curies":[{"name":"wp","href":"https:\/\/api.w.org\/{rel}","templated":true}]}}